{"id":814,"date":"2012-12-07T10:51:01","date_gmt":"2012-12-07T08:51:01","guid":{"rendered":"http:\/\/www.diewehr.at\/wp\/?page_id=814"},"modified":"2015-01-03T18:21:31","modified_gmt":"2015-01-03T16:21:31","slug":"kat-lager","status":"publish","type":"page","link":"https:\/\/www.diewehr.at\/wp\/spezielles\/kat-lager\/","title":{"rendered":"KAT-Lager"},"content":{"rendered":"<p>Neben den beiden gro\u00dfen Katastrophenlagern in Klagenfurt und Villach, richtete der K\u00e4rntner Landesfeuerwehrverband vier dezentrale KAT-Lager in den Bezirken Spittal, Hermagor, St. Veit und Wolfsberg ein. Das Wolfsberger KAT-Lager ist in St. Andr\u00e4 stationiert und mit Ger\u00e4tschaften zur Bew\u00e4ltigung von Hochwasserereignissen und Waldbr\u00e4nden ausgestattet. Bei einigen Eins\u00e4tzen im Bereich Unterk\u00e4rnten konnten die Pumpen und Aggregate bereits wertvolle Hilfe leisten.\u00a0<a href=\"http:\/\/www.diewehr.at\/wp\/wp-content\/uploads\/2012\/12\/19.jpg\"><br \/>\n<\/a><\/p>\n","protected":false},"excerpt":{"rendered":"<p>Neben den beiden gro\u00dfen Katastrophenlagern in Klagenfurt und Villach, richtete der K\u00e4rntner Landesfeuerwehrverband vier dezentrale KAT-Lager in den Bezirken Spittal, Hermagor, St. Veit und Wolfsberg ein. Das Wolfsberger KAT-Lager ist in St. Andr\u00e4 stationiert und mit Ger\u00e4tschaften zur Bew\u00e4ltigung von Hochwasserereignissen und Waldbr\u00e4nden ausgestattet. Bei einigen Eins\u00e4tzen im Bereich Unterk\u00e4rnten konnten die Pumpen und Aggregate &hellip; <a href=\"https:\/\/www.diewehr.at\/wp\/spezielles\/kat-lager\/\" class=\"more-link\"><span class=\"screen-reader-text\">KAT-Lager<\/span> weiterlesen<\/a><\/p>\n","protected":false},"author":1,"featured_media":858,"parent":802,"menu_order":0,"comment_status":"closed","ping_status":"closed","template":"","meta":{"footnotes":""},"_links":{"self":[{"href":"https:\/\/www.diewehr.at\/wp\/wp-json\/wp\/v2\/pages\/814"}],"collection":[{"href":"https:\/\/www.diewehr.at\/wp\/wp-json\/wp\/v2\/pages"}],"about":[{"href":"https:\/\/www.diewehr.at\/wp\/wp-json\/wp\/v2\/types\/page"}],"author":[{"embeddable":true,"href":"https:\/\/www.diewehr.at\/wp\/wp-json\/wp\/v2\/users\/1"}],"replies":[{"embeddable":true,"href":"https:\/\/www.diewehr.at\/wp\/wp-json\/wp\/v2\/comments?post=814"}],"version-history":[{"count":3,"href":"https:\/\/www.diewehr.at\/wp\/wp-json\/wp\/v2\/pages\/814\/revisions"}],"predecessor-version":[{"id":2483,"href":"https:\/\/www.diewehr.at\/wp\/wp-json\/wp\/v2\/pages\/814\/revisions\/2483"}],"up":[{"embeddable":true,"href":"https:\/\/www.diewehr.at\/wp\/wp-json\/wp\/v2\/pages\/802"}],"wp:featuredmedia":[{"embeddable":true,"href":"https:\/\/www.diewehr.at\/wp\/wp-json\/wp\/v2\/media\/858"}],"wp:attachment":[{"href":"https:\/\/www.diewehr.at\/wp\/wp-json\/wp\/v2\/media?parent=814"}],"curies":[{"name":"wp","href":"https:\/\/api.w.org\/{rel}","templated":true}]}}