{"id":27,"date":"2010-08-25T17:17:57","date_gmt":"2010-08-25T15:17:57","guid":{"rendered":"http:\/\/www.diewehr.at\/wp\/?p=27"},"modified":"2021-08-05T08:41:38","modified_gmt":"2021-08-05T06:41:38","slug":"lfb-a","status":"publish","type":"page","link":"https:\/\/www.diewehr.at\/wp\/uber-uns\/fuhrpark\/lfb-a\/","title":{"rendered":"LFB-A"},"content":{"rendered":"<p><span style=\"font-weight: 400;\">Dieses allradgetriebene L\u00f6schfahrzeug mit Bergeausr\u00fcstung und Automatikgetreibe weist durch seine besondere Bauweise eine besondere Gel\u00e4ndetauglichkeit auf.<\/span><\/p>\n<p><span style=\"font-weight: 400;\">Zur Ausr\u00fcstung geh\u00f6ren au\u00dferdem neben der Standardbeladung eine Seilwinde, ein Stromgenerator mit umfangreichem Beleuchtungsger\u00e4t, pneumatischer schwenkbarer Lichtmast mit 10m H\u00f6he mit LED-Lichtfluter, hydr. Akku- Rettungssatz (Schere, Spreitzer), 3 AT-Ger\u00e4te (Dr\u00e4ger PA 94D, Hebekissen sowie feuerwehrtechnisches Ger\u00e4t.<\/span><\/p>\n<p><span style=\"font-weight: 400;\">Das Fahrzeug r\u00fcckt bei allen Eins\u00e4tzen im Zugsverband gemeinsam mit KDO-F und TLF-A 3000, bei gr\u00f6\u00dferen Brandeins\u00e4tzen \u00fcberdies mit TLF-A 4000 und KRF-W (Atemschutz) aus.<\/span><\/p>\n<p><span style=\"font-weight: 400;\">Bei technischen Eins\u00e4tzen r\u00fcckt der LFB-A gemeinsam mit KDO-F und\u00a0KRF-W.<\/span><\/p>\n<p><b>Details zum Fahrzeug<\/b><\/p>\n<ul>\n<li style=\"font-weight: 400;\"><span style=\"font-weight: 400;\">Fahrgestell: VOLVO FL-4x4R<\/span><\/li>\n<li style=\"font-weight: 400;\"><span style=\"font-weight: 400;\">Baujahr: 2017<\/span><\/li>\n<li style=\"font-weight: 400;\"><span style=\"font-weight: 400;\">Gesamtgewicht: 14.000 kg<\/span><\/li>\n<li style=\"font-weight: 400;\"><span style=\"font-weight: 400;\">Aufbau: Nusser<\/span><\/li>\n<li style=\"font-weight: 400;\"><span style=\"font-weight: 400;\">Seilwinde<\/span><\/li>\n<li style=\"font-weight: 400;\"><span style=\"font-weight: 400;\">hydr. Ladebordwand<\/span><\/li>\n<li style=\"font-weight: 400;\"><span style=\"font-weight: 400;\">Besatzung 1:8<\/span><\/li>\n<\/ul>\n<div id='gallery-1' class='gallery galleryid-27 gallery-columns-3 gallery-size-thumbnail'><figure class='gallery-item'>\n\t\t\t<div class='gallery-icon landscape'>\n\t\t\t\t<a href='https:\/\/www.diewehr.at\/wp\/img_1977\/'><img loading=\"lazy\" decoding=\"async\" width=\"300\" height=\"200\" src=\"https:\/\/www.diewehr.at\/wp\/wp-content\/uploads\/2021\/08\/IMG_1977-300x200.jpg\" class=\"attachment-thumbnail size-thumbnail\" alt=\"\" srcset=\"https:\/\/www.diewehr.at\/wp\/wp-content\/uploads\/2021\/08\/IMG_1977-300x200.jpg 300w, https:\/\/www.diewehr.at\/wp\/wp-content\/uploads\/2021\/08\/IMG_1977-620x413.jpg 620w, https:\/\/www.diewehr.at\/wp\/wp-content\/uploads\/2021\/08\/IMG_1977-940x627.jpg 940w, https:\/\/www.diewehr.at\/wp\/wp-content\/uploads\/2021\/08\/IMG_1977-768x512.jpg 768w, https:\/\/www.diewehr.at\/wp\/wp-content\/uploads\/2021\/08\/IMG_1977-1536x1024.jpg 1536w, https:\/\/www.diewehr.at\/wp\/wp-content\/uploads\/2021\/08\/IMG_1977-2048x1365.jpg 2048w\" sizes=\"(max-width: 300px) 100vw, 300px\" \/><\/a>\n\t\t\t<\/div><\/figure><figure class='gallery-item'>\n\t\t\t<div class='gallery-icon landscape'>\n\t\t\t\t<a href='https:\/\/www.diewehr.at\/wp\/img_1983\/'><img loading=\"lazy\" decoding=\"async\" width=\"300\" height=\"200\" src=\"https:\/\/www.diewehr.at\/wp\/wp-content\/uploads\/2021\/08\/IMG_1983-300x200.jpg\" class=\"attachment-thumbnail size-thumbnail\" alt=\"\" srcset=\"https:\/\/www.diewehr.at\/wp\/wp-content\/uploads\/2021\/08\/IMG_1983-300x200.jpg 300w, https:\/\/www.diewehr.at\/wp\/wp-content\/uploads\/2021\/08\/IMG_1983-620x413.jpg 620w, https:\/\/www.diewehr.at\/wp\/wp-content\/uploads\/2021\/08\/IMG_1983-940x627.jpg 940w, https:\/\/www.diewehr.at\/wp\/wp-content\/uploads\/2021\/08\/IMG_1983-768x512.jpg 768w, https:\/\/www.diewehr.at\/wp\/wp-content\/uploads\/2021\/08\/IMG_1983-1536x1024.jpg 1536w, https:\/\/www.diewehr.at\/wp\/wp-content\/uploads\/2021\/08\/IMG_1983-2048x1365.jpg 2048w\" sizes=\"(max-width: 300px) 100vw, 300px\" \/><\/a>\n\t\t\t<\/div><\/figure><figure class='gallery-item'>\n\t\t\t<div class='gallery-icon landscape'>\n\t\t\t\t<a href='https:\/\/www.diewehr.at\/wp\/img_1984\/'><img loading=\"lazy\" decoding=\"async\" width=\"300\" height=\"200\" src=\"https:\/\/www.diewehr.at\/wp\/wp-content\/uploads\/2021\/08\/IMG_1984-300x200.jpg\" class=\"attachment-thumbnail size-thumbnail\" alt=\"\" srcset=\"https:\/\/www.diewehr.at\/wp\/wp-content\/uploads\/2021\/08\/IMG_1984-300x200.jpg 300w, https:\/\/www.diewehr.at\/wp\/wp-content\/uploads\/2021\/08\/IMG_1984-620x413.jpg 620w, https:\/\/www.diewehr.at\/wp\/wp-content\/uploads\/2021\/08\/IMG_1984-940x627.jpg 940w, https:\/\/www.diewehr.at\/wp\/wp-content\/uploads\/2021\/08\/IMG_1984-768x512.jpg 768w, https:\/\/www.diewehr.at\/wp\/wp-content\/uploads\/2021\/08\/IMG_1984-1536x1024.jpg 1536w, https:\/\/www.diewehr.at\/wp\/wp-content\/uploads\/2021\/08\/IMG_1984-2048x1365.jpg 2048w\" sizes=\"(max-width: 300px) 100vw, 300px\" \/><\/a>\n\t\t\t<\/div><\/figure><figure class='gallery-item'>\n\t\t\t<div class='gallery-icon landscape'>\n\t\t\t\t<a href='https:\/\/www.diewehr.at\/wp\/img_1990\/'><img loading=\"lazy\" decoding=\"async\" width=\"300\" height=\"200\" src=\"https:\/\/www.diewehr.at\/wp\/wp-content\/uploads\/2021\/08\/IMG_1990-300x200.jpg\" class=\"attachment-thumbnail size-thumbnail\" alt=\"\" srcset=\"https:\/\/www.diewehr.at\/wp\/wp-content\/uploads\/2021\/08\/IMG_1990-300x200.jpg 300w, https:\/\/www.diewehr.at\/wp\/wp-content\/uploads\/2021\/08\/IMG_1990-620x413.jpg 620w, https:\/\/www.diewehr.at\/wp\/wp-content\/uploads\/2021\/08\/IMG_1990-940x627.jpg 940w, https:\/\/www.diewehr.at\/wp\/wp-content\/uploads\/2021\/08\/IMG_1990-768x512.jpg 768w, https:\/\/www.diewehr.at\/wp\/wp-content\/uploads\/2021\/08\/IMG_1990-1536x1024.jpg 1536w, https:\/\/www.diewehr.at\/wp\/wp-content\/uploads\/2021\/08\/IMG_1990-2048x1365.jpg 2048w\" sizes=\"(max-width: 300px) 100vw, 300px\" \/><\/a>\n\t\t\t<\/div><\/figure><figure class='gallery-item'>\n\t\t\t<div class='gallery-icon landscape'>\n\t\t\t\t<a href='https:\/\/www.diewehr.at\/wp\/img_1986\/'><img loading=\"lazy\" decoding=\"async\" width=\"300\" height=\"200\" src=\"https:\/\/www.diewehr.at\/wp\/wp-content\/uploads\/2021\/08\/IMG_1986-300x200.jpg\" class=\"attachment-thumbnail size-thumbnail\" alt=\"\" srcset=\"https:\/\/www.diewehr.at\/wp\/wp-content\/uploads\/2021\/08\/IMG_1986-300x200.jpg 300w, https:\/\/www.diewehr.at\/wp\/wp-content\/uploads\/2021\/08\/IMG_1986-620x413.jpg 620w, https:\/\/www.diewehr.at\/wp\/wp-content\/uploads\/2021\/08\/IMG_1986-940x627.jpg 940w, https:\/\/www.diewehr.at\/wp\/wp-content\/uploads\/2021\/08\/IMG_1986-768x512.jpg 768w, https:\/\/www.diewehr.at\/wp\/wp-content\/uploads\/2021\/08\/IMG_1986-1536x1024.jpg 1536w, https:\/\/www.diewehr.at\/wp\/wp-content\/uploads\/2021\/08\/IMG_1986-2048x1365.jpg 2048w\" sizes=\"(max-width: 300px) 100vw, 300px\" \/><\/a>\n\t\t\t<\/div><\/figure><figure class='gallery-item'>\n\t\t\t<div class='gallery-icon landscape'>\n\t\t\t\t<a href='https:\/\/www.diewehr.at\/wp\/img_1989\/'><img loading=\"lazy\" decoding=\"async\" width=\"300\" height=\"200\" src=\"https:\/\/www.diewehr.at\/wp\/wp-content\/uploads\/2021\/08\/IMG_1989-300x200.jpg\" class=\"attachment-thumbnail size-thumbnail\" alt=\"\" srcset=\"https:\/\/www.diewehr.at\/wp\/wp-content\/uploads\/2021\/08\/IMG_1989-300x200.jpg 300w, https:\/\/www.diewehr.at\/wp\/wp-content\/uploads\/2021\/08\/IMG_1989-620x413.jpg 620w, https:\/\/www.diewehr.at\/wp\/wp-content\/uploads\/2021\/08\/IMG_1989-940x627.jpg 940w, https:\/\/www.diewehr.at\/wp\/wp-content\/uploads\/2021\/08\/IMG_1989-768x512.jpg 768w, https:\/\/www.diewehr.at\/wp\/wp-content\/uploads\/2021\/08\/IMG_1989-1536x1024.jpg 1536w, https:\/\/www.diewehr.at\/wp\/wp-content\/uploads\/2021\/08\/IMG_1989-2048x1365.jpg 2048w\" sizes=\"(max-width: 300px) 100vw, 300px\" \/><\/a>\n\t\t\t<\/div><\/figure><figure class='gallery-item'>\n\t\t\t<div class='gallery-icon landscape'>\n\t\t\t\t<a href='https:\/\/www.diewehr.at\/wp\/img_1993\/'><img loading=\"lazy\" decoding=\"async\" width=\"300\" height=\"200\" src=\"https:\/\/www.diewehr.at\/wp\/wp-content\/uploads\/2021\/08\/IMG_1993-300x200.jpg\" class=\"attachment-thumbnail size-thumbnail\" alt=\"\" srcset=\"https:\/\/www.diewehr.at\/wp\/wp-content\/uploads\/2021\/08\/IMG_1993-300x200.jpg 300w, https:\/\/www.diewehr.at\/wp\/wp-content\/uploads\/2021\/08\/IMG_1993-620x413.jpg 620w, https:\/\/www.diewehr.at\/wp\/wp-content\/uploads\/2021\/08\/IMG_1993-940x627.jpg 940w, https:\/\/www.diewehr.at\/wp\/wp-content\/uploads\/2021\/08\/IMG_1993-768x512.jpg 768w, https:\/\/www.diewehr.at\/wp\/wp-content\/uploads\/2021\/08\/IMG_1993-1536x1024.jpg 1536w, https:\/\/www.diewehr.at\/wp\/wp-content\/uploads\/2021\/08\/IMG_1993-2048x1365.jpg 2048w\" sizes=\"(max-width: 300px) 100vw, 300px\" \/><\/a>\n\t\t\t<\/div><\/figure>\n\t\t<\/div>\n\n","protected":false},"excerpt":{"rendered":"<div style=\"width: 90%; float: left; padding-left: 5%; padding-right: 5%;\">\n<div style=\"width: 65%; float: left; padding-right: 5%;\">\n<p>Fahrgestell:      Mercedes Benz Unimog U 125<\/p>\n<p>Baujahr:      1976<\/p>\n<p>Gesamtgewicht:     6.750 kg<\/p>\n<p>Aufbau:        Rosenbauer<\/p>\n<p>Tragkraftspritze:     Rosenbauer Fox<\/p>\n<p>Leistung:      1.200 l \/ min<\/p>\n<p>Besatzung:     1:8<\/p>\n<p>Dieses L\u00f6schfahrzeug weist eine besonders hohe Gel\u00e4ndetauglichkeit auf.\u00a0Zur Ausr\u00fcstung geh\u00f6ren au\u00dferdem\u00a0neben der Normbeladung ein 5,5 kVA Stromgenerator mit umfangreichem Beleuchtungsger\u00e4t,<\/p>\n<\/div>\n<div style=\"width: 30%; float: left;\"><a class=\"jcebox\" title=\"fuhrpark10.jpg\" href=\"images\/stories\/fuhrpark\/fuhrpark10.jpg\" target=\"_blank\" rel=\"noopener\"><img decoding=\"async\" style=\"border: 5px solid #3d3d3d;\" src=\"images\/stories\/fuhrpark\/thumbnails\/thumb_fuhrpark10.jpg\" alt=\"fuhrpark10\" width=\"100%\" \/><\/a><\/div>\n","protected":false},"author":1,"featured_media":5509,"parent":18,"menu_order":7,"comment_status":"closed","ping_status":"closed","template":"","meta":{"footnotes":""},"_links":{"self":[{"href":"https:\/\/www.diewehr.at\/wp\/wp-json\/wp\/v2\/pages\/27"}],"collection":[{"href":"https:\/\/www.diewehr.at\/wp\/wp-json\/wp\/v2\/pages"}],"about":[{"href":"https:\/\/www.diewehr.at\/wp\/wp-json\/wp\/v2\/types\/page"}],"author":[{"embeddable":true,"href":"https:\/\/www.diewehr.at\/wp\/wp-json\/wp\/v2\/users\/1"}],"replies":[{"embeddable":true,"href":"https:\/\/www.diewehr.at\/wp\/wp-json\/wp\/v2\/comments?post=27"}],"version-history":[{"count":7,"href":"https:\/\/www.diewehr.at\/wp\/wp-json\/wp\/v2\/pages\/27\/revisions"}],"predecessor-version":[{"id":5525,"href":"https:\/\/www.diewehr.at\/wp\/wp-json\/wp\/v2\/pages\/27\/revisions\/5525"}],"up":[{"embeddable":true,"href":"https:\/\/www.diewehr.at\/wp\/wp-json\/wp\/v2\/pages\/18"}],"wp:featuredmedia":[{"embeddable":true,"href":"https:\/\/www.diewehr.at\/wp\/wp-json\/wp\/v2\/media\/5509"}],"wp:attachment":[{"href":"https:\/\/www.diewehr.at\/wp\/wp-json\/wp\/v2\/media?parent=27"}],"curies":[{"name":"wp","href":"https:\/\/api.w.org\/{rel}","templated":true}]}}