{"id":2582,"date":"2015-01-03T20:49:08","date_gmt":"2015-01-03T18:49:08","guid":{"rendered":"http:\/\/www.diewehr.at\/wp\/?page_id=2582"},"modified":"2021-08-05T08:50:25","modified_gmt":"2021-08-05T06:50:25","slug":"tlfa-4000","status":"publish","type":"page","link":"https:\/\/www.diewehr.at\/wp\/uber-uns\/fuhrpark\/tlfa-4000\/","title":{"rendered":"TLFA-4000"},"content":{"rendered":"<div>&nbsp;<\/div>\n<div>\n<p>Zur Ausr\u00fcstung geh\u00f6ren au\u00dferdem neben der Standardbeladung ein 8 kVA Stromgenerator mit umfangreichem Beleuchtungsger\u00e4t, pneumatischer LED Lichtmast mit 10m H\u00f6he, Hochleistungsl\u00fcfter, vierteilige Steckleiter, Tauchpumpe mit 1500 ltr. F\u00f6rderleistung, Niederdruck-Schnellangriff mit 40m formfesten C-Schlauch, HD-Schnellangriff mit 60m formfesten Schlauch,&nbsp; abnehmbarer Wasserwerfer (bis 2.500 ltr. \/ min.) Strassenwaschanlage, 5 AT-Ger\u00e4te (Dr\u00e4ger PA 94D) sowie feuerwehrtechnisches Ger\u00e4t.<\/p>\n<p>Das Fahrzeug r\u00fcckt bei Brandeins\u00e4tzen im Zugsverband gemeinsam mit KDO-F und TLF-A 3000, bei gr\u00f6\u00dferen Brandeins\u00e4tzen \u00fcberdies mit LFB-A und KRF-W (Atemschutz) aus.<\/p>\n<p><strong>Details zum Fahrzeug:&nbsp;<\/strong><\/p>\n<ul>\n<li>Fahrgestell: IVECO Traker&nbsp;<\/li>\n<li>Baujahr: 2020<\/li>\n<li>Gesamtgewicht: 18.000 kg<\/li>\n<li>Aufbau: Lohr<\/li>\n<li>Leistung: 2400 l\/min b. 10 bar<\/li>\n<li>L\u00f6schmittel: 4000 l Wasser&nbsp;<\/li>\n<li>Besatzung: 1:8<\/li>\n<\/ul>\n<\/div>\n\n\n<div class=\"wp-block-columns are-vertically-aligned-top is-layout-flex wp-container-core-columns-layout-1 wp-block-columns-is-layout-flex\">\n<div class=\"wp-block-column is-vertically-aligned-top is-layout-flow wp-block-column-is-layout-flow\" style=\"flex-basis:100%\">\n<div class=\"wp-block-group is-layout-flow wp-block-group-is-layout-flow\"><div class=\"wp-block-group__inner-container\">\n<figure class=\"wp-block-gallery columns-3 is-cropped wp-block-gallery-1 is-layout-flex wp-block-gallery-is-layout-flex\"><ul class=\"blocks-gallery-grid\"><li class=\"blocks-gallery-item\"><figure><img loading=\"lazy\" decoding=\"async\" width=\"940\" height=\"627\" src=\"http:\/\/www.diewehr.at\/wp\/wp-content\/uploads\/2021\/08\/IMG_1953-940x627.jpg\" alt=\"\" data-id=\"5468\" data-full-url=\"http:\/\/www.diewehr.at\/wp\/wp-content\/uploads\/2021\/08\/IMG_1953-scaled.jpg\" data-link=\"https:\/\/www.diewehr.at\/wp\/uber-uns\/fuhrpark\/tlfa-4000\/img_1953\/\" class=\"wp-image-5468\" srcset=\"https:\/\/www.diewehr.at\/wp\/wp-content\/uploads\/2021\/08\/IMG_1953-940x627.jpg 940w, https:\/\/www.diewehr.at\/wp\/wp-content\/uploads\/2021\/08\/IMG_1953-620x413.jpg 620w, https:\/\/www.diewehr.at\/wp\/wp-content\/uploads\/2021\/08\/IMG_1953-300x200.jpg 300w, https:\/\/www.diewehr.at\/wp\/wp-content\/uploads\/2021\/08\/IMG_1953-768x512.jpg 768w, https:\/\/www.diewehr.at\/wp\/wp-content\/uploads\/2021\/08\/IMG_1953-1536x1024.jpg 1536w, https:\/\/www.diewehr.at\/wp\/wp-content\/uploads\/2021\/08\/IMG_1953-2048x1365.jpg 2048w\" sizes=\"(max-width: 940px) 100vw, 940px\" \/><\/figure><\/li><li class=\"blocks-gallery-item\"><figure><img loading=\"lazy\" decoding=\"async\" width=\"940\" height=\"627\" src=\"http:\/\/www.diewehr.at\/wp\/wp-content\/uploads\/2021\/08\/IMG_1958-940x627.jpg\" alt=\"\" data-id=\"5469\" data-full-url=\"http:\/\/www.diewehr.at\/wp\/wp-content\/uploads\/2021\/08\/IMG_1958-scaled.jpg\" data-link=\"https:\/\/www.diewehr.at\/wp\/uber-uns\/fuhrpark\/tlfa-4000\/img_1958\/\" class=\"wp-image-5469\" srcset=\"https:\/\/www.diewehr.at\/wp\/wp-content\/uploads\/2021\/08\/IMG_1958-940x627.jpg 940w, https:\/\/www.diewehr.at\/wp\/wp-content\/uploads\/2021\/08\/IMG_1958-620x413.jpg 620w, https:\/\/www.diewehr.at\/wp\/wp-content\/uploads\/2021\/08\/IMG_1958-300x200.jpg 300w, https:\/\/www.diewehr.at\/wp\/wp-content\/uploads\/2021\/08\/IMG_1958-768x512.jpg 768w, https:\/\/www.diewehr.at\/wp\/wp-content\/uploads\/2021\/08\/IMG_1958-1536x1024.jpg 1536w, https:\/\/www.diewehr.at\/wp\/wp-content\/uploads\/2021\/08\/IMG_1958-2048x1365.jpg 2048w\" sizes=\"(max-width: 940px) 100vw, 940px\" \/><\/figure><\/li><li class=\"blocks-gallery-item\"><figure><img loading=\"lazy\" decoding=\"async\" width=\"940\" height=\"627\" src=\"http:\/\/www.diewehr.at\/wp\/wp-content\/uploads\/2021\/08\/IMG_1959-940x627.jpg\" alt=\"\" data-id=\"5470\" data-full-url=\"http:\/\/www.diewehr.at\/wp\/wp-content\/uploads\/2021\/08\/IMG_1959-scaled.jpg\" data-link=\"https:\/\/www.diewehr.at\/wp\/uber-uns\/fuhrpark\/tlfa-4000\/img_1959\/\" class=\"wp-image-5470\" srcset=\"https:\/\/www.diewehr.at\/wp\/wp-content\/uploads\/2021\/08\/IMG_1959-940x627.jpg 940w, https:\/\/www.diewehr.at\/wp\/wp-content\/uploads\/2021\/08\/IMG_1959-620x413.jpg 620w, https:\/\/www.diewehr.at\/wp\/wp-content\/uploads\/2021\/08\/IMG_1959-300x200.jpg 300w, https:\/\/www.diewehr.at\/wp\/wp-content\/uploads\/2021\/08\/IMG_1959-768x512.jpg 768w, https:\/\/www.diewehr.at\/wp\/wp-content\/uploads\/2021\/08\/IMG_1959-1536x1024.jpg 1536w, https:\/\/www.diewehr.at\/wp\/wp-content\/uploads\/2021\/08\/IMG_1959-2048x1365.jpg 2048w\" sizes=\"(max-width: 940px) 100vw, 940px\" \/><\/figure><\/li><li class=\"blocks-gallery-item\"><figure><img loading=\"lazy\" decoding=\"async\" width=\"940\" height=\"627\" src=\"http:\/\/www.diewehr.at\/wp\/wp-content\/uploads\/2021\/08\/IMG_1965-940x627.jpg\" alt=\"\" data-id=\"5471\" data-full-url=\"http:\/\/www.diewehr.at\/wp\/wp-content\/uploads\/2021\/08\/IMG_1965-scaled.jpg\" data-link=\"https:\/\/www.diewehr.at\/wp\/uber-uns\/fuhrpark\/tlfa-4000\/img_1965\/\" class=\"wp-image-5471\" srcset=\"https:\/\/www.diewehr.at\/wp\/wp-content\/uploads\/2021\/08\/IMG_1965-940x627.jpg 940w, https:\/\/www.diewehr.at\/wp\/wp-content\/uploads\/2021\/08\/IMG_1965-620x413.jpg 620w, https:\/\/www.diewehr.at\/wp\/wp-content\/uploads\/2021\/08\/IMG_1965-300x200.jpg 300w, https:\/\/www.diewehr.at\/wp\/wp-content\/uploads\/2021\/08\/IMG_1965-768x512.jpg 768w, https:\/\/www.diewehr.at\/wp\/wp-content\/uploads\/2021\/08\/IMG_1965-1536x1024.jpg 1536w, https:\/\/www.diewehr.at\/wp\/wp-content\/uploads\/2021\/08\/IMG_1965-2048x1365.jpg 2048w\" sizes=\"(max-width: 940px) 100vw, 940px\" \/><\/figure><\/li><li class=\"blocks-gallery-item\"><figure><img loading=\"lazy\" decoding=\"async\" width=\"940\" height=\"627\" src=\"http:\/\/www.diewehr.at\/wp\/wp-content\/uploads\/2021\/08\/IMG_1966-940x627.jpg\" alt=\"\" data-id=\"5472\" data-full-url=\"http:\/\/www.diewehr.at\/wp\/wp-content\/uploads\/2021\/08\/IMG_1966-scaled.jpg\" data-link=\"https:\/\/www.diewehr.at\/wp\/uber-uns\/fuhrpark\/tlfa-4000\/img_1966\/\" class=\"wp-image-5472\" srcset=\"https:\/\/www.diewehr.at\/wp\/wp-content\/uploads\/2021\/08\/IMG_1966-940x627.jpg 940w, https:\/\/www.diewehr.at\/wp\/wp-content\/uploads\/2021\/08\/IMG_1966-620x413.jpg 620w, https:\/\/www.diewehr.at\/wp\/wp-content\/uploads\/2021\/08\/IMG_1966-300x200.jpg 300w, https:\/\/www.diewehr.at\/wp\/wp-content\/uploads\/2021\/08\/IMG_1966-768x512.jpg 768w, https:\/\/www.diewehr.at\/wp\/wp-content\/uploads\/2021\/08\/IMG_1966-1536x1024.jpg 1536w, https:\/\/www.diewehr.at\/wp\/wp-content\/uploads\/2021\/08\/IMG_1966-2048x1365.jpg 2048w\" sizes=\"(max-width: 940px) 100vw, 940px\" \/><\/figure><\/li><li class=\"blocks-gallery-item\"><figure><img loading=\"lazy\" decoding=\"async\" width=\"940\" height=\"627\" src=\"http:\/\/www.diewehr.at\/wp\/wp-content\/uploads\/2021\/08\/IMG_1975-940x627.jpg\" alt=\"\" data-id=\"5473\" data-full-url=\"http:\/\/www.diewehr.at\/wp\/wp-content\/uploads\/2021\/08\/IMG_1975-scaled.jpg\" data-link=\"https:\/\/www.diewehr.at\/wp\/uber-uns\/fuhrpark\/tlfa-4000\/img_1975\/\" class=\"wp-image-5473\" srcset=\"https:\/\/www.diewehr.at\/wp\/wp-content\/uploads\/2021\/08\/IMG_1975-940x627.jpg 940w, https:\/\/www.diewehr.at\/wp\/wp-content\/uploads\/2021\/08\/IMG_1975-620x413.jpg 620w, https:\/\/www.diewehr.at\/wp\/wp-content\/uploads\/2021\/08\/IMG_1975-300x200.jpg 300w, https:\/\/www.diewehr.at\/wp\/wp-content\/uploads\/2021\/08\/IMG_1975-768x512.jpg 768w, https:\/\/www.diewehr.at\/wp\/wp-content\/uploads\/2021\/08\/IMG_1975-1536x1024.jpg 1536w, https:\/\/www.diewehr.at\/wp\/wp-content\/uploads\/2021\/08\/IMG_1975-2048x1365.jpg 2048w\" sizes=\"(max-width: 940px) 100vw, 940px\" \/><\/figure><\/li><li class=\"blocks-gallery-item\"><figure><img loading=\"lazy\" decoding=\"async\" width=\"940\" height=\"635\" src=\"http:\/\/www.diewehr.at\/wp\/wp-content\/uploads\/2021\/08\/IMG_1948-940x635.jpg\" alt=\"\" data-id=\"5466\" data-full-url=\"http:\/\/www.diewehr.at\/wp\/wp-content\/uploads\/2021\/08\/IMG_1948-scaled.jpg\" data-link=\"https:\/\/www.diewehr.at\/wp\/uber-uns\/fuhrpark\/tlfa-4000\/img_1948\/\" class=\"wp-image-5466\" srcset=\"https:\/\/www.diewehr.at\/wp\/wp-content\/uploads\/2021\/08\/IMG_1948-940x635.jpg 940w, https:\/\/www.diewehr.at\/wp\/wp-content\/uploads\/2021\/08\/IMG_1948-620x419.jpg 620w, https:\/\/www.diewehr.at\/wp\/wp-content\/uploads\/2021\/08\/IMG_1948-300x203.jpg 300w, https:\/\/www.diewehr.at\/wp\/wp-content\/uploads\/2021\/08\/IMG_1948-768x519.jpg 768w, https:\/\/www.diewehr.at\/wp\/wp-content\/uploads\/2021\/08\/IMG_1948-1536x1038.jpg 1536w, https:\/\/www.diewehr.at\/wp\/wp-content\/uploads\/2021\/08\/IMG_1948-2048x1384.jpg 2048w\" sizes=\"(max-width: 940px) 100vw, 940px\" \/><\/figure><\/li><li class=\"blocks-gallery-item\"><figure><img loading=\"lazy\" decoding=\"async\" width=\"940\" height=\"627\" src=\"http:\/\/www.diewehr.at\/wp\/wp-content\/uploads\/2021\/08\/IMG_1951-940x627.jpg\" alt=\"\" data-id=\"5467\" data-full-url=\"http:\/\/www.diewehr.at\/wp\/wp-content\/uploads\/2021\/08\/IMG_1951-scaled.jpg\" data-link=\"https:\/\/www.diewehr.at\/wp\/uber-uns\/fuhrpark\/tlfa-4000\/img_1951\/\" class=\"wp-image-5467\" srcset=\"https:\/\/www.diewehr.at\/wp\/wp-content\/uploads\/2021\/08\/IMG_1951-940x627.jpg 940w, https:\/\/www.diewehr.at\/wp\/wp-content\/uploads\/2021\/08\/IMG_1951-620x413.jpg 620w, https:\/\/www.diewehr.at\/wp\/wp-content\/uploads\/2021\/08\/IMG_1951-300x200.jpg 300w, https:\/\/www.diewehr.at\/wp\/wp-content\/uploads\/2021\/08\/IMG_1951-768x512.jpg 768w, https:\/\/www.diewehr.at\/wp\/wp-content\/uploads\/2021\/08\/IMG_1951-1536x1024.jpg 1536w, https:\/\/www.diewehr.at\/wp\/wp-content\/uploads\/2021\/08\/IMG_1951-2048x1365.jpg 2048w\" sizes=\"(max-width: 940px) 100vw, 940px\" \/><\/figure><\/li><\/ul><\/figure>\n<\/div><\/div>\n<\/div>\n<\/div>\n","protected":false},"excerpt":{"rendered":"<p>&nbsp; Zur Ausr\u00fcstung geh\u00f6ren au\u00dferdem neben der Standardbeladung ein 8 kVA Stromgenerator mit umfangreichem Beleuchtungsger\u00e4t, pneumatischer LED Lichtmast mit 10m H\u00f6he, Hochleistungsl\u00fcfter, vierteilige Steckleiter, Tauchpumpe mit 1500 ltr. F\u00f6rderleistung, Niederdruck-Schnellangriff mit 40m formfesten C-Schlauch, HD-Schnellangriff mit 60m formfesten Schlauch,&nbsp; abnehmbarer Wasserwerfer (bis 2.500 ltr. \/ min.) Strassenwaschanlage, 5 AT-Ger\u00e4te (Dr\u00e4ger PA 94D) sowie feuerwehrtechnisches Ger\u00e4t. &hellip; <a href=\"https:\/\/www.diewehr.at\/wp\/uber-uns\/fuhrpark\/tlfa-4000\/\" class=\"more-link\"><span class=\"screen-reader-text\">TLFA-4000<\/span> weiterlesen<\/a><\/p>\n","protected":false},"author":1,"featured_media":5507,"parent":18,"menu_order":3,"comment_status":"closed","ping_status":"closed","template":"","meta":{"footnotes":""},"_links":{"self":[{"href":"https:\/\/www.diewehr.at\/wp\/wp-json\/wp\/v2\/pages\/2582"}],"collection":[{"href":"https:\/\/www.diewehr.at\/wp\/wp-json\/wp\/v2\/pages"}],"about":[{"href":"https:\/\/www.diewehr.at\/wp\/wp-json\/wp\/v2\/types\/page"}],"author":[{"embeddable":true,"href":"https:\/\/www.diewehr.at\/wp\/wp-json\/wp\/v2\/users\/1"}],"replies":[{"embeddable":true,"href":"https:\/\/www.diewehr.at\/wp\/wp-json\/wp\/v2\/comments?post=2582"}],"version-history":[{"count":7,"href":"https:\/\/www.diewehr.at\/wp\/wp-json\/wp\/v2\/pages\/2582\/revisions"}],"predecessor-version":[{"id":5529,"href":"https:\/\/www.diewehr.at\/wp\/wp-json\/wp\/v2\/pages\/2582\/revisions\/5529"}],"up":[{"embeddable":true,"href":"https:\/\/www.diewehr.at\/wp\/wp-json\/wp\/v2\/pages\/18"}],"wp:featuredmedia":[{"embeddable":true,"href":"https:\/\/www.diewehr.at\/wp\/wp-json\/wp\/v2\/media\/5507"}],"wp:attachment":[{"href":"https:\/\/www.diewehr.at\/wp\/wp-json\/wp\/v2\/media?parent=2582"}],"curies":[{"name":"wp","href":"https:\/\/api.w.org\/{rel}","templated":true}]}}